{"id":47,"date":"2026-04-15T16:16:25","date_gmt":"2026-04-15T14:16:25","guid":{"rendered":"https:\/\/meregale.com\/?page_id=47"},"modified":"2026-05-11T10:37:09","modified_gmt":"2026-05-11T08:37:09","slug":"ueber-mich","status":"publish","type":"page","link":"https:\/\/meregale.com\/index.php\/ueber-mich\/","title":{"rendered":"\u00dcber mich"},"content":{"rendered":"\n<blockquote class=\"wp-block-quote has-text-align-center is-style-large is-layout-flow wp-block-quote-is-layout-flow\">\n<hr class=\"wp-block-separator has-alpha-channel-opacity\"\/>\n\n\n\n<p>\u201e<a href=\"https:\/\/www.instagram.com\/p\/C6X4cT5oONQ\/\">Mut entsteht immer durch die \u00dcberwindung von Angst. Das ist Arbeit<\/a>.&#8220;<\/p>\n<cite>\u2013 Sandra H\u00fcller<\/cite><\/blockquote>\n\n\n\n<hr class=\"wp-block-separator has-alpha-channel-opacity\"\/>\n\n\n\n<p>Ich bin Kunsthistorikerin mit Schwerpunkt auf Biografien, Grafikdesign, Fotografie und Film im Kontext von Wirtschafts- und Regionalgeschichte.<\/p>\n\n\n\n<p>Aktuell konzipiere ich eine selbstst\u00e4ndige T\u00e4tigkeit als Texterin und Kommunikationsberaterin auf Basis meiner umfangreichen Erfahrungen im Bereich Oral History und Storytelling. Meine Zielgruppe sind Einzelpersonen, Familien und Unternehmen.<\/p>\n\n\n\n<p>Parallel dazu entwickle ich im Rahmen meiner kunst- und kulturgeschichtlichen Forschungen eine zeitliche und r\u00e4umliche Karte der kulturellen Identit\u00e4t und Lebenswelt, die f\u00fcr mich die Grundlage f\u00fcr viele ko-kreative Prozesse und Kooperationen bildet.<\/p>\n\n\n\n<p>In meiner Forschungsarbeit besch\u00e4ftige ich mich speziell mit den Bedingungen der k\u00fcnstlerischen Produktion und den Biografien von K\u00fcnstler:innen. Den Werdegang der Akteure und Netzwerke von Kunst und Kultur hinterfrage ich auf Zusammenh\u00e4nge mit Entwicklungspsychologie und Pers\u00f6nlichkeitsbildung, insbesondere in Bezug auf die neuesten Erkenntnisse aus der Epigenetik, Trauma- und Mythenforschung.<\/p>\n\n\n\n<p>Weitere Schwerpunkte meiner Forschung sind die Rolle von Archiven und Museen in Bezug auf Fragen der kulturellen Identit\u00e4t und der Traumafolgen des Zweiten Weltkriegs in der Erinnerungskultur.<\/p>\n\n\n\n<p>F\u00fcr mich ist dabei ein breites Spektrum an Wissen und Denkmodellen und ein offener Kultur- und Wissenschaftsbegriff wichtig. Ich bleibe stets offen f\u00fcr neue Zug\u00e4nge und f\u00fcr Ver\u00e4nderungen. Momentan besch\u00e4ftige ich mich beispielsweise sehr mit den Thesen von <a href=\"https:\/\/thomashuebl.com\/de\/\">Franz Ruppert<\/a> \u00fcber das &#8222;Identit\u00e4tsorientierte Psychotrauma&#8220; und den Initiativen von <a href=\"https:\/\/thomashuebl.com\/de\/\">Thomas H\u00fcbl<\/a> zur &#8222;kollektiven Traumaheilung&#8220; &#8211; den <a href=\"https:\/\/pocketproject.org\/de\/about\/\" data-type=\"link\" data-id=\"https:\/\/pocketproject.org\/de\/about\/\">Pocket Projects<\/a>.<\/p>\n\n\n\n<p><\/p>\n","protected":false},"excerpt":{"rendered":"<p>Ich bin Kunsthistorikerin mit Schwerpunkt auf Biografien, Grafikdesign, Fotografie und Film im Kontext von Wirtschafts- und Regionalgeschichte. Aktuell konzipiere ich eine selbstst\u00e4ndige T\u00e4tigkeit als Texterin und Kommunikationsberaterin auf Basis meiner umfangreichen Erfahrungen im Bereich Oral History und Storytelling. Meine Zielgruppe sind Einzelpersonen, Familien und Unternehmen. Parallel dazu entwickle ich im Rahmen meiner kunst- und kulturgeschichtlichen [&hellip;]<\/p>\n","protected":false},"author":2,"featured_media":0,"parent":0,"menu_order":0,"comment_status":"closed","ping_status":"closed","template":"","meta":{"footnotes":""},"class_list":["post-47","page","type-page","status-publish","hentry"],"_links":{"self":[{"href":"https:\/\/meregale.com\/index.php\/wp-json\/wp\/v2\/pages\/47","targetHints":{"allow":["GET"]}}],"collection":[{"href":"https:\/\/meregale.com\/index.php\/wp-json\/wp\/v2\/pages"}],"about":[{"href":"https:\/\/meregale.com\/index.php\/wp-json\/wp\/v2\/types\/page"}],"author":[{"embeddable":true,"href":"https:\/\/meregale.com\/index.php\/wp-json\/wp\/v2\/users\/2"}],"replies":[{"embeddable":true,"href":"https:\/\/meregale.com\/index.php\/wp-json\/wp\/v2\/comments?post=47"}],"version-history":[{"count":26,"href":"https:\/\/meregale.com\/index.php\/wp-json\/wp\/v2\/pages\/47\/revisions"}],"predecessor-version":[{"id":185,"href":"https:\/\/meregale.com\/index.php\/wp-json\/wp\/v2\/pages\/47\/revisions\/185"}],"wp:attachment":[{"href":"https:\/\/meregale.com\/index.php\/wp-json\/wp\/v2\/media?parent=47"}],"curies":[{"name":"wp","href":"https:\/\/api.w.org\/{rel}","templated":true}]}}