{"id":41,"date":"2026-04-15T16:12:05","date_gmt":"2026-04-15T14:12:05","guid":{"rendered":"https:\/\/meregale.com\/?page_id=41"},"modified":"2026-05-11T10:39:02","modified_gmt":"2026-05-11T08:39:02","slug":"kultur","status":"publish","type":"page","link":"https:\/\/meregale.com\/index.php\/kultur\/","title":{"rendered":"Kultur"},"content":{"rendered":"\n<hr class=\"wp-block-separator has-css-opacity is-style-default\"\/>\n\n\n\n<blockquote class=\"wp-block-quote has-text-align-center is-style-large is-layout-flow wp-block-quote-is-layout-flow\">\n<p>\u201e<a href=\"https:\/\/zitate.net\/kultur-zitate\">Wenn die Sonne der Kultur niedrig steht, werfen selbst Zwerge einen Schatten.\u201c<\/a><\/p>\n<cite>\u2013 Karl Kraus<\/cite><\/blockquote>\n\n\n\n<hr class=\"wp-block-separator has-css-opacity is-style-default\"\/>\n\n\n\n<p>In meiner Arbeit als Forscherin, Kuratorin und Vermittlerin von Geschichten \u00fcber Vergangenheit, Gegenwart und Zukunft unserer Lebenswelten, interessiert mich vor allem, was uns t\u00e4glich umgibt, ohne dass wir genauer dar\u00fcber nachdenken. Warum ist etwas da? Woher kommt es? F\u00fcr wen und wof\u00fcr wurde es geschaffen? Welche Geschichten und Absichten stecken hinter den Orten und Dingen, die wir als Teil unserer Kultur wahrnehmen?<\/p>\n\n\n\n<p>In einem <em>Archiv der Lebenswelten<\/em> sammle ich deshalb Informationen \u00fcber den \u00f6ffentlichen Raum und \u00fcber die Bedeutung von Orten \u2013 abseits von Tourismus, Museen, klassischen Archiven oder Wikipedia. Mich interessieren die oft \u00fcbersehenen Spuren des Alltags und die Geschichten, die Orte pr\u00e4gen.<\/p>\n\n\n\n<p>Dabei frage ich auch, wie unser Bild von Kultur entsteht und warum wir bestimmte Vorstellungen so selbstverst\u00e4ndlich mit Identit\u00e4t verbinden. Vielleicht zeigt sich auf diese Weise, dass unsere Lebenswelten vielf\u00e4ltiger und widerspr\u00fcchlicher sind, als wir glauben?<\/p>\n\n\n\n<p><a href=\"https:\/\/culturetube.kleio.com\/?nav\">culturetube Archiv der Lebenswelten<\/a><\/p>\n\n\n\n<p>Kulturelle Teilhabe passiert m\u00f6glicherweise st\u00e4rker im \u00f6ffentlichen Raum als in kulturellen Institutionen. Mein Ansatz geht deshalb der Frage nach, wie Kultur direkt im Alltag und im gemeinsamen Erleben entsteht. Daraus sollen langfristig Kulturinitiativen und k\u00fcnstlerische Projekte entstehen, die kokreativ und partizipativ arbeiten \u2013 mit Menschen, deren Lebensrealit\u00e4t und Geschichten wortw\u00f6rtlich \u201eauf der Stra\u00dfe\u201c zu finden sind.<\/p>\n\n\n\n<div class=\"wp-block-columns are-vertically-aligned-center is-layout-flex wp-container-core-columns-is-layout-28f84493 wp-block-columns-is-layout-flex\">\n<div class=\"wp-block-column is-vertically-aligned-center is-layout-flow wp-block-column-is-layout-flow\" style=\"flex-basis:50%\">\n<div class=\"wp-block-cover is-light\" style=\"min-height:600px;aspect-ratio:unset;\"><span aria-hidden=\"true\" class=\"wp-block-cover__background has-background-dim-100 has-background-dim\" style=\"background-color:#f6f6f6\"><\/span><div class=\"wp-block-cover__inner-container is-layout-flow wp-block-cover-is-layout-flow\">\n<figure class=\"wp-block-image\"><img loading=\"lazy\" decoding=\"async\" width=\"1001\" height=\"711\" src=\"https:\/\/meregale.com\/wp-content\/uploads\/2026\/04\/fragile-city.jpg\" alt=\"\" class=\"wp-image-19\" srcset=\"https:\/\/meregale.com\/wp-content\/uploads\/2026\/04\/fragile-city.jpg 1001w, https:\/\/meregale.com\/wp-content\/uploads\/2026\/04\/fragile-city-300x213.jpg 300w, https:\/\/meregale.com\/wp-content\/uploads\/2026\/04\/fragile-city-768x546.jpg 768w\" sizes=\"auto, (max-width: 1001px) 100vw, 1001px\" \/><\/figure>\n<\/div><\/div>\n<\/div>\n\n\n\n<div class=\"wp-block-column is-vertically-aligned-center is-layout-flow wp-block-column-is-layout-flow\" style=\"padding-top:1em;padding-right:1em;padding-bottom:1em;padding-left:1em\">\n<div class=\"wp-block-columns is-layout-flex wp-container-core-columns-is-layout-28f84493 wp-block-columns-is-layout-flex\">\n<div class=\"wp-block-column is-layout-flow wp-block-column-is-layout-flow\" style=\"flex-basis:320px\">\n<p class=\"has-small-font-size\" style=\"line-height:1.6\"><strong><a href=\"http:\/\/www.cristinafiorenza.com\/\" data-type=\"link\" data-id=\"http:\/\/www.cristinafiorenza.com\/\">Cristina Fiorenza<\/a><\/strong><\/p>\n\n\n\n<p class=\"has-small-font-size\" style=\"line-height:1.6\">Fragile City, 2008<\/p>\n<\/div>\n<\/div>\n<\/div>\n<\/div>\n","protected":false},"excerpt":{"rendered":"<p>\u201eWenn die Sonne der Kultur niedrig steht, werfen selbst Zwerge einen Schatten.\u201c \u2013 Karl Kraus In meiner Arbeit als Forscherin, Kuratorin und Vermittlerin von Geschichten \u00fcber Vergangenheit, Gegenwart und Zukunft unserer Lebenswelten, interessiert mich vor allem, was uns t\u00e4glich umgibt, ohne dass wir genauer dar\u00fcber nachdenken. Warum ist etwas da? Woher kommt es? F\u00fcr wen [&hellip;]<\/p>\n","protected":false},"author":2,"featured_media":0,"parent":0,"menu_order":0,"comment_status":"closed","ping_status":"closed","template":"","meta":{"footnotes":""},"class_list":["post-41","page","type-page","status-publish","hentry"],"_links":{"self":[{"href":"https:\/\/meregale.com\/index.php\/wp-json\/wp\/v2\/pages\/41","targetHints":{"allow":["GET"]}}],"collection":[{"href":"https:\/\/meregale.com\/index.php\/wp-json\/wp\/v2\/pages"}],"about":[{"href":"https:\/\/meregale.com\/index.php\/wp-json\/wp\/v2\/types\/page"}],"author":[{"embeddable":true,"href":"https:\/\/meregale.com\/index.php\/wp-json\/wp\/v2\/users\/2"}],"replies":[{"embeddable":true,"href":"https:\/\/meregale.com\/index.php\/wp-json\/wp\/v2\/comments?post=41"}],"version-history":[{"count":24,"href":"https:\/\/meregale.com\/index.php\/wp-json\/wp\/v2\/pages\/41\/revisions"}],"predecessor-version":[{"id":186,"href":"https:\/\/meregale.com\/index.php\/wp-json\/wp\/v2\/pages\/41\/revisions\/186"}],"wp:attachment":[{"href":"https:\/\/meregale.com\/index.php\/wp-json\/wp\/v2\/media?parent=41"}],"curies":[{"name":"wp","href":"https:\/\/api.w.org\/{rel}","templated":true}]}}