{"id":39,"date":"2026-04-15T16:11:52","date_gmt":"2026-04-15T14:11:52","guid":{"rendered":"https:\/\/meregale.com\/?page_id=39"},"modified":"2026-05-11T13:07:38","modified_gmt":"2026-05-11T11:07:38","slug":"kunst","status":"publish","type":"page","link":"https:\/\/meregale.com\/index.php\/kunst\/","title":{"rendered":"Kunst"},"content":{"rendered":"\n<hr class=\"wp-block-separator has-css-opacity is-style-default\"\/>\n\n\n\n<blockquote class=\"wp-block-quote has-text-align-center is-style-large is-layout-flow wp-block-quote-is-layout-flow\">\n<p><em>\u201e<\/em><a href=\"https:\/\/quotepark.com\/quotes\/1951654-marina-abramovic-the-more-you-think-about-death-and-mortality-the\/\">The more you think about death and mortality, the more you enjoy life. Because then you do not waste time. You just focus.<\/a>\u201d<\/p>\n<cite>\u2013 Marina Abramovi\u0107<\/cite><\/blockquote>\n\n\n\n<hr class=\"wp-block-separator has-css-opacity is-style-default\"\/>\n\n\n\n<h4 class=\"wp-block-heading\">K\u00fcnstlerisch leben<\/h4>\n\n\n\n<p>Seit dem 19. Jahrhundert folgen K\u00fcnstler:innenbiografien h\u00e4ufig \u00e4hnlichen Mustern: Betont werden au\u00dfergew\u00f6hnliche Begabung, Individualit\u00e4t, Erfolg, Krisen, Br\u00fcche oder das Bild des autonomen sch\u00f6pferischen Individuums. Weniger sichtbar bleiben dagegen oft pers\u00f6nliche Entwicklungsprozesse, Beziehungen, allt\u00e4gliche Erfahrungen, kollektive Zusammenh\u00e4nge und die existenziellen Fragen, die k\u00fcnstlerisches Arbeiten begleiten.<\/p>\n\n\n\n<p>Meine Arbeit entwickelt eine alternative Form der Lebensbeschreibung. Im Mittelpunkt stehen nicht allein Werk, Karriere oder \u00f6ffentliche Anerkennung, sondern die Bedeutung von Kreativit\u00e4t als Ausdruck pers\u00f6nlicher und zugleich kollektiver Erfahrungsr\u00e4ume. In Gespr\u00e4chen und gemeinsamen Reflexionsprozessen entstehen Biografien, die individuelle Lebenswege mit grundlegenden Themen menschlicher Entwicklung, gesellschaftlichen Seinszust\u00e4nden und \u00fcbergreifenden kulturellen Zusammenh\u00e4ngen verbinden. So entsteht in einem ko-kreativen Prozess eine vielschichtige Biografie im Spiegel k\u00fcnstlerischen Schaffens.<\/p>\n\n\n\n<h4 class=\"wp-block-heading\">Kreative Vorbilder?<\/h4>\n\n\n\n<p>Ausgehend von der These, dass K\u00fcnstlerleben und K\u00fcnstlerdarstellungen seit dem 19. Jahrhundert wesentliche Faktoren kulturellen Wandels sind, untersuche ich K\u00fcnstler:innenbiografien als Mythos des autonomen Individuums. Im Zentrum steht die Analyse von Texten \u00fcber K\u00fcnstler:innen, ihrer Rezeption und Instrumentalisierung im Kunst- und Kulturbetrieb vor wechselnden sozial-politischen Hintergr\u00fcnden. Dabei interessiert mich, wie sich in diesen Narrativen Konflikte zwischen Individuum und Kollektiv jeweils \u2013 mehr oder weniger heroisch \u2013 darstellen und aufl\u00f6sen. Zugleich frage ich nach dem Potential von Kunst und Kreativit\u00e4t f\u00fcr Vielfalt, Demokratie und Gemeinwohl sowie nach ihrer Bedeutung f\u00fcr neue Lebenskonzepte, individuelle Gestaltungsm\u00f6glichkeiten und zuk\u00fcnftige gesellschaftliche Ideale.<\/p>\n\n\n\n<h4 class=\"wp-block-heading\">Neue Lebenskonzepte<\/h4>\n\n\n\n<p>Im Unterschied zum heroischen Ideal des autonomen Individuums r\u00fccken neue Lebenskonzepte kooperative, relationale und kollektive Formen von Kreativit\u00e4t und Selbstgestaltung in den Vordergrund. Sie verstehen individuelles Handeln st\u00e4rker als Teil sozialer, \u00f6kologischer und kultureller Zusammenh\u00e4nge und fragen nach neuen Formen des Zusammenlebens, der Teilhabe und gemeinsamen Verantwortung.<\/p>\n","protected":false},"excerpt":{"rendered":"<p>\u201eThe more you think about death and mortality, the more you enjoy life. Because then you do not waste time. You just focus.\u201d \u2013 Marina Abramovi\u0107 K\u00fcnstlerisch leben Seit dem 19. Jahrhundert folgen K\u00fcnstler:innenbiografien h\u00e4ufig \u00e4hnlichen Mustern: Betont werden au\u00dfergew\u00f6hnliche Begabung, Individualit\u00e4t, Erfolg, Krisen, Br\u00fcche oder das Bild des autonomen sch\u00f6pferischen Individuums. Weniger sichtbar bleiben [&hellip;]<\/p>\n","protected":false},"author":2,"featured_media":0,"parent":0,"menu_order":0,"comment_status":"closed","ping_status":"closed","template":"","meta":{"footnotes":""},"class_list":["post-39","page","type-page","status-publish","hentry"],"_links":{"self":[{"href":"https:\/\/meregale.com\/index.php\/wp-json\/wp\/v2\/pages\/39","targetHints":{"allow":["GET"]}}],"collection":[{"href":"https:\/\/meregale.com\/index.php\/wp-json\/wp\/v2\/pages"}],"about":[{"href":"https:\/\/meregale.com\/index.php\/wp-json\/wp\/v2\/types\/page"}],"author":[{"embeddable":true,"href":"https:\/\/meregale.com\/index.php\/wp-json\/wp\/v2\/users\/2"}],"replies":[{"embeddable":true,"href":"https:\/\/meregale.com\/index.php\/wp-json\/wp\/v2\/comments?post=39"}],"version-history":[{"count":19,"href":"https:\/\/meregale.com\/index.php\/wp-json\/wp\/v2\/pages\/39\/revisions"}],"predecessor-version":[{"id":189,"href":"https:\/\/meregale.com\/index.php\/wp-json\/wp\/v2\/pages\/39\/revisions\/189"}],"wp:attachment":[{"href":"https:\/\/meregale.com\/index.php\/wp-json\/wp\/v2\/media?parent=39"}],"curies":[{"name":"wp","href":"https:\/\/api.w.org\/{rel}","templated":true}]}}