{"id":3,"date":"2026-04-15T13:54:34","date_gmt":"2026-04-15T11:54:34","guid":{"rendered":"https:\/\/meregale.com\/?page_id=3"},"modified":"2026-05-09T15:57:21","modified_gmt":"2026-05-09T13:57:21","slug":"datenschutzerklaerung","status":"publish","type":"page","link":"https:\/\/meregale.com\/index.php\/datenschutzerklaerung\/","title":{"rendered":"Datenschutzerkl\u00e4rung"},"content":{"rendered":"\n<h4 class=\"wp-block-heading\">Kontakt mit uns<\/h4>\n\n\n\n<p>Wenn Sie per Formular auf der Website oder per E-Mail-Kontakt mit uns aufnehmen, werden Ihre angegebenen Daten zwecks Bearbeitung der Anfrage und f\u00fcr den Fall von Anschlussfragen sechs Monate bei uns gespeichert. Dies ist ein berechtigtes Interesse i.S.d. DSGVO. Diese Daten geben wir nicht ohne Ihre Einwilligung weiter.\u201c<\/p>\n\n\n\n<p><strong>Dauer<\/strong> der Datenspeicherung, bzw. wenn das nicht m\u00f6glich ist, die <a href=\"https:\/\/www.wko.at\/datenschutz\/eu-dsgvo-speicher-und-aufbewahrungsfristen\">Kriterien f\u00fcr die Festlegung<\/a> der Dauer.Kommentare<\/p>\n\n\n\n<p><strong>Daten <\/strong>bzw. Datenkategorien, die verarbeitet werden: dies ist nach dem TKG immer erforderlich (nach der EuGH-Judikatur bei in Cookies gespeicherten Informationen auch ohne Personenbezug). Nach der DSGVO w\u00e4re dies nur dann erforderlich, wenn die Daten nicht direkt beim Betroffenen erhoben werden. In diesem Fall ist auch die Quelle der Daten anzugeben.<\/p>\n\n\n\n<p>Aus deiner E-Mail-Adresse kann eine anonymisierte Zeichenfolge erstellt (auch Hash genannt) und dem Gravatar-Dienst \u00fcbergeben werden, um zu pr\u00fcfen, ob du diesen benutzt. Die Datenschutzerkl\u00e4rung des Gravatar-Dienstes findest du hier: https:\/\/automattic.com\/privacy\/. Nachdem dein Kommentar freigegeben wurde, ist dein Profilbild \u00f6ffentlich im Kontext deines Kommentars sichtbar.<\/p>\n\n\n\n<h4 class=\"wp-block-heading\">Medien<\/h4>\n\n\n\n<p>Wenn du Bilder auf die Website hochl\u00e4dst, solltest du vermeiden, Bilder mit eingebetteten Standortdaten (EXIF-GPS) hochzuladen. Besucher der Website k\u00f6nnen Bilder von der Website herunterladen und daraus beliebige Standortdaten extrahieren.<\/p>\n\n\n\n<h4 class=\"wp-block-heading\">Cookies<\/h4>\n\n\n\n<p>Wenn du einen Kommentar auf unserer Website schreibst, kannst du einwilligen, deinen Namen, deine E-Mail-Adresse und deine Website in Cookies zu speichern. Dies ist eine Komfortfunktion, damit du all diese Daten nicht erneut eingeben musst, wenn du einen weiteren Kommentar schreibst. Diese Cookies werden ein Jahr lang gespeichert.<\/p>\n\n\n\n<p>Wenn du unsere Anmeldeseite besuchst, werden wir ein tempor\u00e4res Cookie setzen, um festzustellen, ob dein Browser Cookies akzeptiert. Dieses Cookie enth\u00e4lt keine personenbezogenen Daten und wird verworfen, wenn du dein Browser schlie\u00dft.<\/p>\n\n\n\n<p>Wenn du dich anmeldest, werden wir einige Cookies setzen, um deine Anmeldeinformationen und Anzeigeoptionen zu speichern. Anmelde-Cookies verfallen nach zwei Tagen und Cookies f\u00fcr die Anzeigeoptionen nach einem Jahr. Falls du bei der Anmeldung \u201eAngemeldet bleiben\u201c ausw\u00e4hlst, wird deine Anmeldung zwei Wochen lang aufrechterhalten. Mit der Abmeldung aus deinem Konto werden die Anmelde-Cookies gel\u00f6scht.<\/p>\n\n\n\n<p>Wenn du einen Artikel bearbeitest oder ver\u00f6ffentlichst, wird ein zus\u00e4tzliches Cookie in deinem Browser gespeichert. Dieses Cookie enth\u00e4lt keine personenbezogenen Daten und verweist nur auf die Beitrags-ID des Artikels, den du gerade bearbeitet hast. Das Cookie verf\u00e4llt nach einem Tag.<\/p>\n\n\n\n<h4 class=\"wp-block-heading\">Eingebettete Inhalte von anderen Websites<\/h4>\n\n\n\n<p>Beitr\u00e4ge auf dieser Website k\u00f6nnen eingebettete Inhalte beinhalten (z.&nbsp;B. Videos, Bilder, Beitr\u00e4ge etc.). Eingebettete Inhalte von anderen Websites verhalten sich exakt so, als ob der Besucher die andere Website besucht h\u00e4tte.<\/p>\n\n\n\n<p>Diese Websites k\u00f6nnen Daten \u00fcber dich erheben, Cookies benutzen, zus\u00e4tzliche Tracking-Dienste von Dritten einbetten und deine Interaktion mit diesem eingebetteten Inhalt aufzeichnen, inklusive deiner Interaktion mit dem eingebetteten Inhalt, falls du ein Konto hast und auf dieser Website angemeldet bist.<\/p>\n\n\n\n<h4 class=\"wp-block-heading\">Mit wem wir deine Daten teilen<\/h4>\n\n\n\n<p>Wenn du eine Zur\u00fccksetzung des Passworts beantragst, wird deine IP-Adresse in der E-Mail zur Zur\u00fccksetzung enthalten sein.<\/p>\n\n\n\n<h4 class=\"wp-block-heading\">Wie lange wir deine Daten speichern<\/h4>\n\n\n\n<p>Wenn du einen Kommentar schreibst, wird dieser inklusive Metadaten zeitlich unbegrenzt gespeichert. Auf diese Art k\u00f6nnen wir Folgekommentare automatisch erkennen und freigeben, anstatt sie in einer Moderations-Warteschlange festzuhalten.<\/p>\n\n\n\n<p>F\u00fcr Benutzer, die sich auf unserer Website registrieren, speichern wir zus\u00e4tzlich die personenbezogenen Daten, die sie in ihren Benutzerprofilen angeben. Alle Benutzer k\u00f6nnen jederzeit ihre pers\u00f6nlichen Informationen einsehen, ver\u00e4ndern oder l\u00f6schen (der Benutzername kann nicht ver\u00e4ndert werden). Administratoren der Website k\u00f6nnen diese Informationen ebenfalls einsehen und ver\u00e4ndern.<\/p>\n\n\n\n<h4 class=\"wp-block-heading\">Welche Rechte du an deinen Daten hast<\/h4>\n\n\n\n<p>Wenn du ein Konto auf dieser Website besitzt oder Kommentare geschrieben hast, kannst du einen Export deiner personenbezogenen Daten bei uns anfordern, inklusive aller Daten, die du uns mitgeteilt hast. Dar\u00fcber hinaus kannst du die L\u00f6schung aller personenbezogenen Daten, die wir \u00fcber dich gespeichert haben, anfordern. Dies umfasst nicht die Daten, die wir f\u00fcr administrative, rechtliche oder sicherheitsrelevante Zwecke aufbewahren m\u00fcssen.<\/p>\n\n\n\n<h4 class=\"wp-block-heading\">Wohin deine Daten gesendet werden<\/h4>\n\n\n\n<p>Besucher-Kommentare k\u00f6nnen von einem automatisierten Dienst zur Spam-Erkennung untersucht werden.<\/p>\n\n\n\n<p><\/p>\n","protected":false},"excerpt":{"rendered":"<p>Kontakt mit uns Wenn Sie per Formular auf der Website oder per E-Mail-Kontakt mit uns aufnehmen, werden Ihre angegebenen Daten zwecks Bearbeitung der Anfrage und f\u00fcr den Fall von Anschlussfragen sechs Monate bei uns gespeichert. Dies ist ein berechtigtes Interesse i.S.d. DSGVO. Diese Daten geben wir nicht ohne Ihre Einwilligung weiter.\u201c Dauer der Datenspeicherung, bzw. [&hellip;]<\/p>\n","protected":false},"author":1,"featured_media":0,"parent":0,"menu_order":0,"comment_status":"closed","ping_status":"open","template":"","meta":{"footnotes":""},"class_list":["post-3","page","type-page","status-publish","hentry"],"_links":{"self":[{"href":"https:\/\/meregale.com\/index.php\/wp-json\/wp\/v2\/pages\/3","targetHints":{"allow":["GET"]}}],"collection":[{"href":"https:\/\/meregale.com\/index.php\/wp-json\/wp\/v2\/pages"}],"about":[{"href":"https:\/\/meregale.com\/index.php\/wp-json\/wp\/v2\/types\/page"}],"author":[{"embeddable":true,"href":"https:\/\/meregale.com\/index.php\/wp-json\/wp\/v2\/users\/1"}],"replies":[{"embeddable":true,"href":"https:\/\/meregale.com\/index.php\/wp-json\/wp\/v2\/comments?post=3"}],"version-history":[{"count":11,"href":"https:\/\/meregale.com\/index.php\/wp-json\/wp\/v2\/pages\/3\/revisions"}],"predecessor-version":[{"id":177,"href":"https:\/\/meregale.com\/index.php\/wp-json\/wp\/v2\/pages\/3\/revisions\/177"}],"wp:attachment":[{"href":"https:\/\/meregale.com\/index.php\/wp-json\/wp\/v2\/media?parent=3"}],"curies":[{"name":"wp","href":"https:\/\/api.w.org\/{rel}","templated":true}]}}