{"id":161,"date":"2026-05-09T13:52:57","date_gmt":"2026-05-09T11:52:57","guid":{"rendered":"https:\/\/meregale.com\/?page_id=161"},"modified":"2026-05-12T13:42:17","modified_gmt":"2026-05-12T11:42:17","slug":"impressum","status":"publish","type":"page","link":"https:\/\/meregale.com\/index.php\/impressum\/","title":{"rendered":"Impressum"},"content":{"rendered":"\n<p><\/p>\n\n\n\n<p>Die Adresse der Website ist:<br>https:\/\/meregale.com<\/p>\n\n\n\n<p>Inhaberin der Website ist:<br>Mag.<sup>a<\/sup> Margarete Zink<br><br>Die Unternehmensadresse ist:<br>Blattur 60a\/11, A-6840 G\u00f6tzis<br><br>Website Design:<br><a href=\"https:\/\/de.wordpress.org\/\">WordPress<\/a><br><br>\u00a0<br>Das Ziel des Unternehmens ist:<br>Kommunikationsberatung und Wissensmanagement f\u00fcr Einzelpersonen, Unternehmen und Institutionen, insbesondere K\u00fcnstler:innen, kreative KMU, Archive und Museen; u.a. Verfassen von Biografien, Erstellen und Betreuen von digitalen Datenbanken und Bildarchiven; Contententwicklung f\u00fcr Corporate Identity und Social Media Plattformen; Beratung und inhaltliche Konzeption f\u00fcr Ausstellungen, Publikationen und Projekte sowie F\u00f6rderansuchen<br><br><\/p>\n","protected":false},"excerpt":{"rendered":"<p>Die Adresse der Website ist:https:\/\/meregale.com Inhaberin der Website ist:Mag.a Margarete Zink Die Unternehmensadresse ist:Blattur 60a\/11, A-6840 G\u00f6tzis Website Design:WordPress \u00a0Das Ziel des Unternehmens ist:Kommunikationsberatung und Wissensmanagement f\u00fcr Einzelpersonen, Unternehmen und Institutionen, insbesondere K\u00fcnstler:innen, kreative KMU, Archive und Museen; u.a. Verfassen von Biografien, Erstellen und Betreuen von digitalen Datenbanken und Bildarchiven; Contententwicklung f\u00fcr Corporate Identity und [&hellip;]<\/p>\n","protected":false},"author":2,"featured_media":0,"parent":0,"menu_order":0,"comment_status":"closed","ping_status":"closed","template":"","meta":{"footnotes":""},"class_list":["post-161","page","type-page","status-publish","hentry"],"_links":{"self":[{"href":"https:\/\/meregale.com\/index.php\/wp-json\/wp\/v2\/pages\/161","targetHints":{"allow":["GET"]}}],"collection":[{"href":"https:\/\/meregale.com\/index.php\/wp-json\/wp\/v2\/pages"}],"about":[{"href":"https:\/\/meregale.com\/index.php\/wp-json\/wp\/v2\/types\/page"}],"author":[{"embeddable":true,"href":"https:\/\/meregale.com\/index.php\/wp-json\/wp\/v2\/users\/2"}],"replies":[{"embeddable":true,"href":"https:\/\/meregale.com\/index.php\/wp-json\/wp\/v2\/comments?post=161"}],"version-history":[{"count":11,"href":"https:\/\/meregale.com\/index.php\/wp-json\/wp\/v2\/pages\/161\/revisions"}],"predecessor-version":[{"id":199,"href":"https:\/\/meregale.com\/index.php\/wp-json\/wp\/v2\/pages\/161\/revisions\/199"}],"wp:attachment":[{"href":"https:\/\/meregale.com\/index.php\/wp-json\/wp\/v2\/media?parent=161"}],"curies":[{"name":"wp","href":"https:\/\/api.w.org\/{rel}","templated":true}]}}